{"id":2681,"date":"2023-06-07T12:31:02","date_gmt":"2023-06-07T12:31:02","guid":{"rendered":"https:\/\/tqe.dotflorence.com\/privacy-policy\/"},"modified":"2023-06-12T09:17:44","modified_gmt":"2023-06-12T09:17:44","slug":"privacy-policy","status":"publish","type":"page","link":"https:\/\/tuscanyquintessence.com\/it\/privacy-policy\/","title":{"rendered":"Privacy Policy"},"content":{"rendered":"\n<div style=\"height:100px\" aria-hidden=\"true\" class=\"wp-block-spacer\"><\/div>\n<h1>Tuscany Quintessence SRL \u2013 Informativa sulla privacy<\/h1>\n<p>La presente Informativa sulla privacy di Tuscany Quintessence SRL (T5) descrive i tipi di informazioni personali ottenute attraverso i canali, come possiamo utilizzare tali dati personali, con i quali potremmo condividerli e come esercitare i vostri diritti in merito all\u2019elaborazione delle informazioni .<\/p>\n<p>La Politica descrive anche le misure che adottiamo per salvaguardare le informazioni personali che otteniamo e come puoi contattarci in merito alle nostre pratiche sulla privacy.<\/p>\n<p>&nbsp;<\/p>\n<h2>Informazioni personali che otteniamo<\/h2>\n<p>Potremmo ottenere informazioni personali attraverso i canali. I tipi di informazioni personali che possiamo ottenere includono:<\/p>\n<p>informazioni di contatto (come nome, numero di telefono e di fax, indirizzo email e postale) per te o per altri (ad esempio, i responsabili della tua attivit\u00e0);<\/p>\n<p>informazioni utilizzate per creare il tuo account online (come nome utente, password e domanda e risposta sulla sicurezza);<\/p>\n<p>informazioni biografiche e demografiche (quali data di nascita, et\u00e0, sesso, titolo di lavoro \/ posizione, stato civile e informazioni sulla famiglia dipendente, sponsale e altre);<\/p>\n<p>cronologia degli acquisti e del servizio clienti;<\/p>\n<p>informazioni finanziarie (come le informazioni di pagamento, tra cui nome, indirizzo di fatturazione e dettagli della carta di pagamento (ad es. Numero di carta, data di scadenza e codice di sicurezza); informazioni sul conto bancario; bilanci, reddito e punteggio di credito);<\/p>\n<p>dati sulla posizione (come i dati derivati \u200b\u200bdal tuo indirizzo IP, paese e codice postale) e la geolocalizzazione precisa del tuo dispositivo mobile in cui abbiamo fornito avviso e scelta, a seconda dei casi;<\/p>\n<p>le informazioni di contatto fornite sugli amici o altre persone che vorresti contattare;<\/p>\n<p>dati clickstream e altre informazioni sulle attivit\u00e0 online (quali informazioni sui dispositivi, azioni di navigazione e modelli di utilizzo), compresi i canali online e i siti Web di terzi, che otteniamo tramite l\u2019uso di cookie, web beacon e tecnologie simili ; e<\/p>\n<p>altre informazioni personali contenute nei contenuti che ci invii (come tramite la nostra funzione \u201cContattaci\u201d).<\/p>\n<p>Utilizziamo i servizi di analisi dei dati di terze parti in relazione ai canali online, tra cui Google Analytics, Adobe Analytics ecc. Che utilizzano cookie e tecnologie simili per raccogliere dati (come gli indirizzi IP) per valutare l\u2019utilizzo e l\u2019interazione con i canali online.<\/p>\n<h2>Cookie e tecnologie simili<\/h2>\n<p>Come la maggior parte delle aziende, T5 utilizza cookie e tecnologie simili (\u201ccookie\u201d) sui nostri siti Web per personalizzare e migliorare la tua esperienza sui nostri siti.<\/p>\n<h3>Come utilizziamo i cookie<\/h3>\n<p>I cookie contengono piccole quantit\u00e0 di informazioni che vengono scaricate sul tuo dispositivo quando visiti il \u200b\u200bnostro sito web. I cookie vengono inviati al nostro sito Web per consentirci di riconoscere il tuo dispositivo.<\/p>\n<p>I cookie essenziali ci consentono di riconoscere il tuo dispositivo per aiutarti a navigare in modo efficiente per ottenere le informazioni e i servizi richiesti.<\/p>\n<p>I cookie analitici e di personalizzazione consentono al nostro sito di ricordare le tue preferenze come la selezione della lingua e ti aiutano a visualizzare le informazioni pi\u00f9 pertinenti ai tuoi interessi; questi cookie ci aiutano anche a mantenere e migliorare i nostri siti Web fornendo informazioni su come i visitatori trovano e utilizzano i siti e sul rendimento dei siti.<\/p>\n<p>In alcuni casi, i cookie pubblicitari possono essere utilizzati per rendere i messaggi pubblicitari pi\u00f9 pertinenti per te.<\/p>\n<p>A meno che non si disabilitino i cookie sul nostro sito Web, utilizzando il nostro sito Web l\u2019utente accetta il nostro utilizzo di tali cookie.<\/p>\n<h3>Fare scelte sui cookie<\/h3>\n<ul>\n<li>Se decidi di disabilitare i cookie sul nostro sito, potresti non essere in grado di sfruttare appieno tutte le funzionalit\u00e0 del nostro sito Web una volta che lo hai fatto. Ad eccezione dei cookie essenziali per il funzionamento di questo sito Web (cookie essenziali), \u00e8 possibile effettuare delle scelte sui cookie su questo sito Web. Si prega di notare che se si sceglie di gestire i cookie sui nostri siti Web, lo strumento posizioner\u00e0 un cookie sul dispositivo dell\u2019utente per consentire la scelta delle proprie scelte.<\/li>\n<li><\/li>\n<li>Strumenti di condivisione<\/li>\n<li>Per migliorare la tua esperienza sui nostri siti web, a volte incorporiamo contenuti e strumenti di condivisione da altri siti di terze parti, come i pulsanti \u201cmi piace\u201d dei siti di social network; questi siti di terze parti possono anche inserire e accedere ai cookie sul tuo dispositivo. T5 non controlla il posizionamento o l\u2019accesso a questi cookie di terze parti.<\/li>\n<\/ul>\n<h2>Come utilizziamo le informazioni personali<\/h2>\n<p>Possiamo usare le informazioni personali che otteniamo per:<\/p>\n<p>\u2022 fornire e amministrare i nostri prodotti e servizi;<br \/>\n\u2022 elaborare ed evadere gli ordini e tenerti informato sullo stato del tuo ordine;<br \/>\n\u2022 comunicare e amministrare i nostri prodotti, servizi, eventi, programmi e promozioni (ad esempio inviando avvisi, materiale promozionale, newsletter e altre comunicazioni di marketing);<br \/>\n\u2022 condurre e facilitare sondaggi, lotterie, concorsi, focus group e iniziative di ricerca di mercato;<br \/>\n\u2022 eseguire analisi dei dati (come ricerche di mercato, analisi delle tendenze, analisi finanziarie e segmentazione della clientela);<br \/>\n\u2022 impegnarsi in annunci di retargeting e valutare l\u2019efficacia dei nostri sforzi di marketing (anche attraverso la nostra partecipazione alle reti pubblicitarie);<br \/>\n\u2022 fornire assistenza clienti;<br \/>\n\u2022 elaborare, valutare e rispondere a richieste, richieste e applicazioni;<br \/>\n\u2022 creare, amministrare e comunicare con te sul tuo account (compresi eventuali acquisti e pagamenti);<br \/>\n\u2022 amministrare e registrare i partecipanti ai nostri corsi;<br \/>\n\u2022 condurre attivit\u00e0 di marketing e vendita (tra cui la generazione di lead, il perseguimento di prospettive di marketing, l\u2019esecuzione di ricerche di mercato, la determinazione e la gestione dell\u2019efficacia delle nostre campagne pubblicitarie e di marketing e la gestione del nostro marchio);<br \/>\n\u2022 Gestire, valutare e migliorare la nostra attivit\u00e0 (ad esempio amministrando, migliorando e migliorando i nostri prodotti e servizi, sviluppando nuovi prodotti, servizi e canali online, gestendo le nostre comunicazioni e relazioni con i clienti e eseguendo attivit\u00e0 di contabilit\u00e0, auditing, fatturazione, riconciliazione e raccolta );<br \/>\n\u2022 verificare la propria identit\u00e0 e tutelarsi e prevenire frodi e altre attivit\u00e0 illecite, transazioni non autorizzate, reclami e altre responsabilit\u00e0 e gestire l\u2019esposizione e la qualit\u00e0 del rischio;<br \/>\n\u2022 condurre indagini e rispettare e applicare i requisiti legali applicabili, gli standard di settore pertinenti, gli obblighi contrattuali e le nostre politiche e termini (come la presente Informativa sulla privacy e altri termini di utilizzo dei canali online); e<br \/>\n\u2022 mantenere e migliorare la sicurezza e la sicurezza dei nostri prodotti, servizi, canali online, servizi di rete, risorse informative e dipendenti.<\/p>\n<p>Possiamo combinare le informazioni personali ottenute attraverso i canali online con le informazioni ottenute attraverso i canali offline, nonch\u00e9 altre informazioni, per gli scopi sopra descritti. Potremmo anonimizzare o aggregare informazioni personali e utilizzarle per le finalit\u00e0 sopra descritte e per altri scopi nella misura consentita dalla legge applicabile. Inoltre, potremmo utilizzare le informazioni personali per scopi aggiuntivi identificati al momento della raccolta. Otterremo il tuo consenso per questi usi aggiuntivi nella misura richiesta dalla legge applicabile.<\/p>\n<p>Laddove richiesto dalla legge applicabile, otterremo il tuo consenso per il trattamento dei tuoi dati personali a fini di marketing diretto.<\/p>\n<p>La base legale per T5 che tratta le tue informazioni personali come descritto sopra sar\u00e0 in genere una delle seguenti:<\/p>\n<p>\u2022 il tuo consenso;<br \/>\n\u2022 Esecuzione di un contratto con te o una parte rilevante;<br \/>\n\u2022 I nostri legittimi interessi commerciali; o<br \/>\n\u2022 Rispetto dei nostri obblighi legali.<\/p>\n<h2>Condivisione delle informazioni personali<\/h2>\n<p>Non vendiamo o divulghiamo in altro modo informazioni personali su di te, ad eccezione di quanto descritto qui o al momento della raccolta.<\/p>\n<p>\u2022 Condividi le informazioni personali con i fornitori di servizi che abbiamo conservato per eseguire servizi per nostro conto (come elaborazione dei pagamenti, evasione degli ordini, assistenza clienti e analisi dei dati). I nostri fornitori di servizi sono contrattualmente tenuti a rispettare i requisiti legali sulla privacy.<br \/>\n\u2022 Divulgare informazioni personali su di te (1) se siamo obbligati o autorizzati a farlo dalla legge o processo legale (come un ordine del tribunale o citazione in giudizio), (2) alle autorit\u00e0 di contrasto o altri funzionari governativi per conformarsi ad un legittimo richiesta legale, (3) quando riteniamo che la divulgazione sia necessaria per prevenire danni fisici o perdite finanziarie (4), stabilire, esercitare o difendere i nostri diritti legali, (5) in connessione con un\u2019indagine su frode sospetta o effettiva o attivit\u00e0 illegali o (6) altrimenti con il tuo consenso.<br \/>\n\u2022 Ci riserviamo il diritto di trasferire a terze parti pertinenti tutte le informazioni che abbiamo su di voi in caso di vendita o trasferimento potenziale o effettivo di tutta o parte delle nostre attivit\u00e0 o attivit\u00e0 (anche in caso di fusione, acquisizione, joint venture, riorganizzazione, dismissione, scioglimento o liquidazione) o altra aggregazione aziendale. In tal caso, richiederemo alle terze parti interessate di fornire livelli di protezione comparabili, come prevede il T5 in relazione alle informazioni che condividiamo.<\/p>\n<h2>Trasferimento dati<\/h2>\n<p>Possiamo trasferire le informazioni personali che raccogliamo attraverso i canali e archiviare tali dati in altri paesi, inclusi gli Stati Uniti, che potrebbero avere leggi sulla protezione dei dati diverse da quelle in cui sono state fornite le informazioni. In tal caso, trasferiremo le informazioni personali solo per gli scopi descritti nella presente Informativa sulla privacy. Nella misura richiesta dalla legge applicabile, quando trasferiamo le vostre informazioni personali a destinatari in altri paesi, adotteremo misure per proteggere tali informazioni.<\/p>\n<h2>Le tue scelte<\/h2>\n<p>Ti offriamo alcune scelte in relazione alle informazioni personali che otteniamo su di te. Per aggiornare le tue preferenze, ecc., Contattaci come specificato nella sezione Come contattarci della presente Informativa sulla privacy.<\/p>\n<h2>Come proteggiamo la trasmissione di informazioni personali<\/h2>\n<p>Manteniamo le garanzie amministrative, tecniche e fisiche, coerenti con i requisiti legali in cui sono state ottenute le informazioni personali, progettate per proteggere da distruzione, perdita, alterazione, utilizzo o divulgazione illecita o non autorizzata o accesso alle informazioni personali fornite a noi attraverso il canali.<\/p>\n<h2>Conservazione delle informazioni personali<\/h2>\n<p>Nella misura consentita dalla legge applicabile, conserviamo le informazioni personali che otteniamo su di te purch\u00e9 (1) sia necessario per gli scopi per cui l\u2019abbiamo ottenuto, in conformit\u00e0 con le disposizioni della presente Informativa sulla privacy o (2) ne abbiamo un\u2019altra base legale, indicata nella presente Informativa sulla privacy o al punto di raccolta, per conservare tali informazioni oltre il periodo per il quale \u00e8 necessario servire allo scopo originario per ottenere le informazioni personali.<\/p>\n<p>Come contattarci<br \/>\nSe hai domande o commenti su questa Informativa sulla privacy o se desideri che noi aggiorniamo le informazioni, abbiamo informazioni su di te o sulle tue preferenze, scrivici a:<\/p>\n<p>All\u2019attenzione di: Chief Privacy Officer<br \/>\nTuscany Quintessence SRL<br \/>\nVia G. Romagnosi, 20<br \/>\nFirenze \u2013 50134<br \/>\nITALIA<\/p>\n\n<div style=\"height:100px\" aria-hidden=\"true\" class=\"wp-block-spacer\"><\/div>\n","protected":false},"excerpt":{"rendered":"<p>Tuscany Quintessence SRL \u2013 Informativa sulla privacy La presente Informativa sulla privacy di Tuscany Quintessence SRL (T5) descrive i tipi di informazioni personali ottenute attraverso i canali, come possiamo utilizzare tali dati personali, con i quali potremmo condividerli e come esercitare i vostri diritti in merito all\u2019elaborazione delle informazioni . La Politica descrive anche le&#8230;<\/p>\n","protected":false},"author":1,"featured_media":0,"parent":0,"menu_order":6,"comment_status":"closed","ping_status":"closed","template":"","meta":{"_acf_changed":false,"footnotes":""},"categories":[],"tags":[],"class_list":["post-2681","page","type-page","status-publish","hentry"],"acf":[],"yoast_head":"<!-- This site is optimized with the Yoast SEO plugin v25.5 - https:\/\/yoast.com\/wordpress\/plugins\/seo\/ -->\n<title>Privacy Policy - Tuscany Quintessence<\/title>\n<meta name=\"robots\" content=\"index, follow, max-snippet:-1, max-image-preview:large, max-video-preview:-1\" \/>\n<link rel=\"canonical\" href=\"https:\/\/tuscanyquintessence.com\/it\/privacy-policy\/\" \/>\n<meta property=\"og:locale\" content=\"it_IT\" \/>\n<meta property=\"og:type\" content=\"article\" \/>\n<meta property=\"og:title\" content=\"Privacy Policy - Tuscany Quintessence\" \/>\n<meta property=\"og:description\" content=\"Tuscany Quintessence SRL \u2013 Informativa sulla privacy La presente Informativa sulla privacy di Tuscany Quintessence SRL (T5) descrive i tipi di informazioni personali ottenute attraverso i canali, come possiamo utilizzare tali dati personali, con i quali potremmo condividerli e come esercitare i vostri diritti in merito all\u2019elaborazione delle informazioni . La Politica descrive anche le...\" \/>\n<meta property=\"og:url\" content=\"https:\/\/tuscanyquintessence.com\/it\/privacy-policy\/\" \/>\n<meta property=\"og:site_name\" content=\"Tuscany Quintessence\" \/>\n<meta property=\"article:modified_time\" content=\"2023-06-12T09:17:44+00:00\" \/>\n<meta name=\"twitter:card\" content=\"summary_large_image\" \/>\n<meta name=\"twitter:label1\" content=\"Tempo di lettura stimato\" \/>\n\t<meta name=\"twitter:data1\" content=\"10 minuti\" \/>\n<script type=\"application\/ld+json\" class=\"yoast-schema-graph\">{\"@context\":\"https:\/\/schema.org\",\"@graph\":[{\"@type\":\"WebPage\",\"@id\":\"https:\/\/tuscanyquintessence.com\/it\/privacy-policy\/\",\"url\":\"https:\/\/tuscanyquintessence.com\/it\/privacy-policy\/\",\"name\":\"Privacy Policy - Tuscany Quintessence\",\"isPartOf\":{\"@id\":\"https:\/\/tuscanyquintessence.com\/it\/#website\"},\"datePublished\":\"2023-06-07T12:31:02+00:00\",\"dateModified\":\"2023-06-12T09:17:44+00:00\",\"breadcrumb\":{\"@id\":\"https:\/\/tuscanyquintessence.com\/it\/privacy-policy\/#breadcrumb\"},\"inLanguage\":\"it-IT\",\"potentialAction\":[{\"@type\":\"ReadAction\",\"target\":[\"https:\/\/tuscanyquintessence.com\/it\/privacy-policy\/\"]}]},{\"@type\":\"BreadcrumbList\",\"@id\":\"https:\/\/tuscanyquintessence.com\/it\/privacy-policy\/#breadcrumb\",\"itemListElement\":[{\"@type\":\"ListItem\",\"position\":1,\"name\":\"Home\",\"item\":\"https:\/\/tuscanyquintessence.com\/it\/\"},{\"@type\":\"ListItem\",\"position\":2,\"name\":\"Privacy Policy\"}]},{\"@type\":\"WebSite\",\"@id\":\"https:\/\/tuscanyquintessence.com\/it\/#website\",\"url\":\"https:\/\/tuscanyquintessence.com\/it\/\",\"name\":\"Tuscany Quintessence\",\"description\":\"Discover Tuscany by e-bike\",\"publisher\":{\"@id\":\"https:\/\/tuscanyquintessence.com\/it\/#organization\"},\"potentialAction\":[{\"@type\":\"SearchAction\",\"target\":{\"@type\":\"EntryPoint\",\"urlTemplate\":\"https:\/\/tuscanyquintessence.com\/it\/?s={search_term_string}\"},\"query-input\":{\"@type\":\"PropertyValueSpecification\",\"valueRequired\":true,\"valueName\":\"search_term_string\"}}],\"inLanguage\":\"it-IT\"},{\"@type\":\"Organization\",\"@id\":\"https:\/\/tuscanyquintessence.com\/it\/#organization\",\"name\":\"Tuscany Quintessence\",\"url\":\"https:\/\/tuscanyquintessence.com\/it\/\",\"logo\":{\"@type\":\"ImageObject\",\"inLanguage\":\"it-IT\",\"@id\":\"https:\/\/tuscanyquintessence.com\/it\/#\/schema\/logo\/image\/\",\"url\":\"https:\/\/tuscanyquintessence.com\/wp-content\/uploads\/2023\/02\/TQ-logo.png\",\"contentUrl\":\"https:\/\/tuscanyquintessence.com\/wp-content\/uploads\/2023\/02\/TQ-logo.png\",\"width\":299,\"height\":37,\"caption\":\"Tuscany Quintessence\"},\"image\":{\"@id\":\"https:\/\/tuscanyquintessence.com\/it\/#\/schema\/logo\/image\/\"}}]}<\/script>\n<!-- \/ Yoast SEO plugin. -->","yoast_head_json":{"title":"Privacy Policy - Tuscany Quintessence","robots":{"index":"index","follow":"follow","max-snippet":"max-snippet:-1","max-image-preview":"max-image-preview:large","max-video-preview":"max-video-preview:-1"},"canonical":"https:\/\/tuscanyquintessence.com\/it\/privacy-policy\/","og_locale":"it_IT","og_type":"article","og_title":"Privacy Policy - Tuscany Quintessence","og_description":"Tuscany Quintessence SRL \u2013 Informativa sulla privacy La presente Informativa sulla privacy di Tuscany Quintessence SRL (T5) descrive i tipi di informazioni personali ottenute attraverso i canali, come possiamo utilizzare tali dati personali, con i quali potremmo condividerli e come esercitare i vostri diritti in merito all\u2019elaborazione delle informazioni . La Politica descrive anche le...","og_url":"https:\/\/tuscanyquintessence.com\/it\/privacy-policy\/","og_site_name":"Tuscany Quintessence","article_modified_time":"2023-06-12T09:17:44+00:00","twitter_card":"summary_large_image","twitter_misc":{"Tempo di lettura stimato":"10 minuti"},"schema":{"@context":"https:\/\/schema.org","@graph":[{"@type":"WebPage","@id":"https:\/\/tuscanyquintessence.com\/it\/privacy-policy\/","url":"https:\/\/tuscanyquintessence.com\/it\/privacy-policy\/","name":"Privacy Policy - Tuscany Quintessence","isPartOf":{"@id":"https:\/\/tuscanyquintessence.com\/it\/#website"},"datePublished":"2023-06-07T12:31:02+00:00","dateModified":"2023-06-12T09:17:44+00:00","breadcrumb":{"@id":"https:\/\/tuscanyquintessence.com\/it\/privacy-policy\/#breadcrumb"},"inLanguage":"it-IT","potentialAction":[{"@type":"ReadAction","target":["https:\/\/tuscanyquintessence.com\/it\/privacy-policy\/"]}]},{"@type":"BreadcrumbList","@id":"https:\/\/tuscanyquintessence.com\/it\/privacy-policy\/#breadcrumb","itemListElement":[{"@type":"ListItem","position":1,"name":"Home","item":"https:\/\/tuscanyquintessence.com\/it\/"},{"@type":"ListItem","position":2,"name":"Privacy Policy"}]},{"@type":"WebSite","@id":"https:\/\/tuscanyquintessence.com\/it\/#website","url":"https:\/\/tuscanyquintessence.com\/it\/","name":"Tuscany Quintessence","description":"Discover Tuscany by e-bike","publisher":{"@id":"https:\/\/tuscanyquintessence.com\/it\/#organization"},"potentialAction":[{"@type":"SearchAction","target":{"@type":"EntryPoint","urlTemplate":"https:\/\/tuscanyquintessence.com\/it\/?s={search_term_string}"},"query-input":{"@type":"PropertyValueSpecification","valueRequired":true,"valueName":"search_term_string"}}],"inLanguage":"it-IT"},{"@type":"Organization","@id":"https:\/\/tuscanyquintessence.com\/it\/#organization","name":"Tuscany Quintessence","url":"https:\/\/tuscanyquintessence.com\/it\/","logo":{"@type":"ImageObject","inLanguage":"it-IT","@id":"https:\/\/tuscanyquintessence.com\/it\/#\/schema\/logo\/image\/","url":"https:\/\/tuscanyquintessence.com\/wp-content\/uploads\/2023\/02\/TQ-logo.png","contentUrl":"https:\/\/tuscanyquintessence.com\/wp-content\/uploads\/2023\/02\/TQ-logo.png","width":299,"height":37,"caption":"Tuscany Quintessence"},"image":{"@id":"https:\/\/tuscanyquintessence.com\/it\/#\/schema\/logo\/image\/"}}]}},"_links":{"self":[{"href":"https:\/\/tuscanyquintessence.com\/it\/wp-json\/wp\/v2\/pages\/2681","targetHints":{"allow":["GET"]}}],"collection":[{"href":"https:\/\/tuscanyquintessence.com\/it\/wp-json\/wp\/v2\/pages"}],"about":[{"href":"https:\/\/tuscanyquintessence.com\/it\/wp-json\/wp\/v2\/types\/page"}],"author":[{"embeddable":true,"href":"https:\/\/tuscanyquintessence.com\/it\/wp-json\/wp\/v2\/users\/1"}],"replies":[{"embeddable":true,"href":"https:\/\/tuscanyquintessence.com\/it\/wp-json\/wp\/v2\/comments?post=2681"}],"version-history":[{"count":0,"href":"https:\/\/tuscanyquintessence.com\/it\/wp-json\/wp\/v2\/pages\/2681\/revisions"}],"wp:attachment":[{"href":"https:\/\/tuscanyquintessence.com\/it\/wp-json\/wp\/v2\/media?parent=2681"}],"wp:term":[{"taxonomy":"category","embeddable":true,"href":"https:\/\/tuscanyquintessence.com\/it\/wp-json\/wp\/v2\/categories?post=2681"},{"taxonomy":"post_tag","embeddable":true,"href":"https:\/\/tuscanyquintessence.com\/it\/wp-json\/wp\/v2\/tags?post=2681"}],"curies":[{"name":"wp","href":"https:\/\/api.w.org\/{rel}","templated":true}]}}