{"id":2547,"date":"2023-02-24T11:48:58","date_gmt":"2023-02-24T11:48:58","guid":{"rendered":"https:\/\/tqe.dotflorence.com\/chi-siamo\/"},"modified":"2024-11-29T13:58:30","modified_gmt":"2024-11-29T13:58:30","slug":"chi-siamo","status":"publish","type":"page","link":"https:\/\/tuscanyquintessence.com\/it\/chi-siamo\/","title":{"rendered":"Chi siamo"},"content":{"rendered":"\t\t<div data-elementor-type=\"wp-page\" data-elementor-id=\"2547\" class=\"elementor elementor-2547 elementor-77\" data-elementor-post-type=\"page\">\n\t\t\t\t<div class=\"elementor-element elementor-element-61ffbfb e-con-full e-flex magic-button-disabled-no e-con e-parent\" data-id=\"61ffbfb\" data-element_type=\"container\" data-settings=\"{&quot;jet_parallax_layout_list&quot;:[]}\">\n\t\t\t\t<div data-dce-advanced-background-image-url=\"https:\/\/tuscanyquintessence.com\/wp-content\/uploads\/2023\/03\/My-FLOW-v2.png\" class=\"elementor-element elementor-element-d056495 elementor-invisible elementor-has-bg-overlay elementor-widget elementor-widget-global elementor-global-1672 elementor-widget-heading\" data-id=\"d056495\" data-element_type=\"widget\" data-settings=\"{&quot;_animation&quot;:&quot;fadeInDown&quot;}\" data-widget_type=\"heading.default\">\n\t\t\t\t<div class=\"elementor-widget-container\">\n\t\t\t<h1 class=\"elementor-heading-title elementor-size-default\">Chi siamo<\/h1>\t\t<\/div>\n\t\t\t\t<\/div>\n\t\t\t\t<\/div>\n\t\t<div class=\"elementor-element elementor-element-2682c2b e-flex e-con-boxed magic-button-disabled-no e-con e-parent\" data-id=\"2682c2b\" data-element_type=\"container\" data-settings=\"{&quot;jet_parallax_layout_list&quot;:[]}\">\n\t\t\t\t\t<div class=\"e-con-inner\">\n\t\t<div class=\"elementor-element elementor-element-4fc8634 e-con-full e-flex magic-button-disabled-no e-con e-child\" data-id=\"4fc8634\" data-element_type=\"container\" data-settings=\"{&quot;jet_parallax_layout_list&quot;:[]}\">\n\t\t\t\t<div class=\"elementor-element elementor-element-845fbfd elementor-widget elementor-widget-text-editor\" data-id=\"845fbfd\" data-element_type=\"widget\" data-widget_type=\"text-editor.default\">\n\t\t\t\t<div class=\"elementor-widget-container\">\n\t\t\t\t\t\t\t<h2>Questo \u00e8 il sogno di un bambino che si era innamorato della barca a vela senza sapere cosa fosse realmente.<\/h2>\n<p>by Alberto Lombardi<\/p>\n\t\t\t\t\t\t<\/div>\n\t\t\t\t<\/div>\n\t\t\t\t<\/div>\n\t\t\t\t\t<\/div>\n\t\t\t\t<\/div>\n\t\t<div class=\"elementor-element elementor-element-0436758 e-flex e-con-boxed magic-button-disabled-no e-con e-parent\" data-id=\"0436758\" data-element_type=\"container\" data-settings=\"{&quot;jet_parallax_layout_list&quot;:[]}\">\n\t\t\t\t\t<div class=\"e-con-inner\">\n\t\t\t\t<div class=\"elementor-element elementor-element-3617de0 elementor-widget elementor-widget-text-editor\" data-id=\"3617de0\" data-element_type=\"widget\" data-widget_type=\"text-editor.default\">\n\t\t\t\t<div class=\"elementor-widget-container\">\n\t\t\t\t\t\t\t<h2>Il mio sogno \u2013\u00a0 scoprire il mondo e la mia Toscana con esperienze outdoor \u2013 divenne chiaro in cima al molo di Viareggio.<\/h2><p>Questa \u00e8 la storia del mio sogno<b>,<\/b>\u00a0che parla di\u00a0<strong>amore puro, come solo un bambino pu\u00f2 provare<\/strong>.<\/p><p><strong>Amore per il mare aperto, per il sole ed il vento<\/strong>. E per la mia\u00a0<a href=\"https:\/\/it.wikipedia.org\/wiki\/Toscana\" target=\"_blank\" rel=\"noopener\"><b>Toscana<\/b><\/a>. Ogni volta che con mio padre, mano nella mano, andavamo a piedi in cima al molo di\u00a0<a href=\"https:\/\/it.wikipedia.org\/wiki\/Viareggio\" target=\"_blank\" rel=\"noopener\"><b>Viareggio<\/b><\/a>\u00a0io\u00a0<strong>sognavo ad occhi aperti<\/strong>. Con i miei occhi di bambino, osservando il mare, sognavo di scivolare via, oltre l\u2019orizzonte con una barca a vela. Ed ogni volta provavo la stessa sensazione, e ripetevo la stessa domanda \u2026. \u201criuscir\u00f2 mai a veleggiare lontano?\u201d. \u201cChiss\u00e0, speriamo!\u201d, diceva mio padre lasciandomi addosso quel velo di speranza.<\/p><p>Io ero davvero troppo piccolo e questo sogno davvero troppo grande. Ma il sogno era radicato nel profondo della mia anima, e non l\u2019ho mai abbandonato. Gli anni scorrono, ma io continuo a sognare il mare aperto. La domanda \u00e8 sempre la stessa\u2026 riuscir\u00f2 ad attraversare l\u2019Atlantico a vela?\u00a0<strong>Piano piano inserisco tante piccole tessere in questo enorme mosaico<\/strong>.<\/p><h3>Il boato del cannone \u2013 Las Palmas, Canarie \u2013 Novembre 2014<\/h3><p>Mi sveglio in un attimo, sono a bordo di una barca a vela di 13 metri; stiamo facendo il conto alla rovescia per la partenza.<strong>\u00a0Sta per partire una delle regate pi\u00f9 importanti e longeve di attraversamento dell\u2019Oceano Atlantico<\/strong>, l\u2019ARC (Atlantic Rally for Cruisers) che nasce nel 1986 ed \u00e8 il sogno di tanti velisti. Alla partenza ci sono 131 barche a vela provenienti da tutto il mondo. La regata parte da Las Palmas de Gran Canaria a termina a Rodney Bay, isola di Santa Lucia, nei Caraibi.<\/p><p>La tensione \u00e8 al massimo, il vento \u00e8 fresco e le onde alte fino a 8 metri ci costringono a manovrare con la massima concentrazione.<\/p><p>Durante una breve pausa mi viene\u00a0<strong>il dubbio che io stia sognando<\/strong>. Come ho fatto ad arrivare li? E ripenso al passato, e al molo di Viareggio, da dove \u00e8 partito il mio sogno.<\/p><p>Ripenso alla mia prima piccola barca a vela, alle molteplici esperienze vissute negli anni, ai tanti amici da cui ho imparato e con cui ho condiviso l\u2019amore per la vela, il sole, il vento ed il mare.<\/p><p>In realt\u00e0, questa \u00e8 la mia seconda traversata dell\u2019Atlantico, ma\u00a0<strong>ho come la sensazione che questa esperienza mi cambier\u00e0 profondamente<\/strong>. Per sempre.<\/p><h3>La regata<\/h3><p>14 giorni di fila. Questa <strong>esperienza \u00e8 stata profonda, intensa e tutta d\u2019un fiato<\/strong>. Non riesco a separare la notte<\/p><figure id=\"attachment_3561\" aria-describedby=\"caption-attachment-3561\" style=\"width: 300px\" class=\"wp-caption alignnone\"><img fetchpriority=\"high\" decoding=\"async\" class=\"size-medium wp-image-3561\" src=\"https:\/\/tuscanyquintessence.com\/wp-content\/uploads\/2024\/11\/P1010939-300x225.jpg\" alt=\"2014 Atlantic Race, the Winners\" width=\"300\" height=\"225\" srcset=\"https:\/\/tuscanyquintessence.com\/wp-content\/uploads\/2024\/11\/P1010939-300x225.jpg 300w, https:\/\/tuscanyquintessence.com\/wp-content\/uploads\/2024\/11\/P1010939-1024x768.jpg 1024w, https:\/\/tuscanyquintessence.com\/wp-content\/uploads\/2024\/11\/P1010939-768x576.jpg 768w, https:\/\/tuscanyquintessence.com\/wp-content\/uploads\/2024\/11\/P1010939-1536x1152.jpg 1536w, https:\/\/tuscanyquintessence.com\/wp-content\/uploads\/2024\/11\/P1010939.jpg 2048w\" sizes=\"(max-width: 300px) 100vw, 300px\" \/><figcaption id=\"caption-attachment-3561\" class=\"wp-caption-text\">2014 Atlantic Race, the Winners<\/figcaption><\/figure><p>\u00a0dal giorno, le bonacce dalle burrasche, nella mia mente questo viaggio \u00e8 durato come un batter di ciglia!Ho passato ore guardando ammirato le onde che si mescolavano con la scia veloce e schiumosa della barca, ore ammirando il nero profondo della notte. Alcune notti erano cos\u00ec scure che non riuscivamo nemmeno a vedere le vele. Spesso timonavamo soltanto basandoci sulla strumentazione del vento\u00a0 ed il rumore dei frangenti.\u00a0<strong>Un mix di <\/strong><strong>forti emozioni come gioia, paura, estasi, in una sequenza senza fine.<\/strong><\/p><h3>E poi?<\/h3><p>Al mio rientro, sul mio viso, avevo stampato\u00a0<strong>il sorriso che l\u2019Oceano Atlantico mi aveva regalato<\/strong>, ma una domanda continuava a rimbalzare nella testa. Adesso che ho realizzato il mio grande progetto, cosa far\u00f2 per continuare a sognare? Sapevo che questa esperienza rappresentava la fine di un grande capitolo della mia vita, ma sapevo anche che un grande nuovo capitolo stava per iniziare.<\/p><p>Per tenermi occupato e provare nuove emozioni, ho intensificato la mia attivit\u00e0 outdoor con la\u00a0<b>mountain bike<\/b>,\u00a0<b>trekkin<\/b><strong>g, corsa, nuoto, apnea profonda.<\/strong>\u00a0Sapevo che tutto questo mi avrebbe condotto da qualche parte ma non sapevo dove. Decisi quindi di lasciarmi potare, e seguire \u201cil mio flusso\u201d.<\/p><h2>Il nuovo capitolo: Tuscany Quintessence!<\/h2><p>Dopo 20 anni di brillante carriera e una laurea in Scienze dell\u2019Informazione,\u00a0<strong>ho deciso di continuare ad assecondare il \u201cmio flusso\u201d<\/strong>\u00a0e di cambiare, dedicando il mio tempo, la mia creativit\u00e0, la mia esperienza, energia e professionalit\u00e0 in un nuovo sogno da conquistare;\u00a0<a href=\"https:\/\/tqe.dotflorence.com\/\" target=\"_blank\" rel=\"noopener\"><b>creare esperienze outdoor in Toscana, capaci di regalare emozioni che rimangano per sempre, emozioni che aiutino a sognare.<\/b><\/a><\/p><p>Cosi \u00e8 nata Tuscany Quintessence, con la voglia di fare bene, con passione.<\/p><p>Tra i miei\u00a0<strong><a href=\"https:\/\/tqe.dotflorence.com\/?jet-engine=tours\" target=\"_blank\" rel=\"noopener\">tour\u00a0in e-bike<\/a>\u00a0e le\u00a0<a href=\"https:\/\/tqe.dotflorence.com\/it\/categoria-tour\/barca\/\" target=\"_blank\" rel=\"noopener\">settimane in barca a vela<\/a><\/strong>, potresti trovare\u00a0<strong>proprio quell\u2019esperienza che cercavi da tempo<\/strong>.\u00a0 Se invece vuoi costruire un tour ad-hoc allora chiamami. Insieme costruiremo la soluzione perfetta.<\/p><p><i><b>Follow the flow.<\/b><\/i><\/p><p>Alberto<\/p><p>Ps. La regata l\u2019abbiamo anche vinta! Io comunque sono quello con il cappellino.<\/p>\t\t\t\t\t\t<\/div>\n\t\t\t\t<\/div>\n\t\t\t\t\t<\/div>\n\t\t\t\t<\/div>\n\t\t<div class=\"elementor-element elementor-element-99d7d93 e-flex e-con-boxed magic-button-disabled-no e-con e-parent\" data-id=\"99d7d93\" data-element_type=\"container\" data-settings=\"{&quot;background_background&quot;:&quot;classic&quot;,&quot;jet_parallax_layout_list&quot;:[]}\">\n\t\t\t\t\t<div class=\"e-con-inner\">\n\t\t\t\t<div class=\"elementor-element elementor-element-0cb9fd5 elementor-widget elementor-widget-heading\" data-id=\"0cb9fd5\" data-element_type=\"widget\" data-widget_type=\"heading.default\">\n\t\t\t\t<div class=\"elementor-widget-container\">\n\t\t\t<h2 class=\"elementor-heading-title elementor-size-default\">Tuscany quintessence ... TUSCANY BIKE Tours and Experiences ... IL TEAM<\/h2>\t\t<\/div>\n\t\t\t\t<\/div>\n\t\t\t\t\t<\/div>\n\t\t\t\t<\/div>\n\t\t<div class=\"elementor-element elementor-element-bb7a9e7 e-flex e-con-boxed magic-button-disabled-no e-con e-parent\" data-id=\"bb7a9e7\" data-element_type=\"container\" data-settings=\"{&quot;jet_parallax_layout_list&quot;:[]}\">\n\t\t\t\t\t<div class=\"e-con-inner\">\n\t\t<div class=\"elementor-element elementor-element-cb5209e e-con-full e-flex magic-button-disabled-no e-con e-child\" data-id=\"cb5209e\" data-element_type=\"container\" data-settings=\"{&quot;jet_parallax_layout_list&quot;:[]}\">\n\t\t\t\t<div class=\"elementor-element elementor-element-e6602d2 elementor-position-top elementor-widget elementor-widget-image-box\" data-id=\"e6602d2\" data-element_type=\"widget\" data-widget_type=\"image-box.default\">\n\t\t\t\t<div class=\"elementor-widget-container\">\n\t\t\t<div class=\"elementor-image-box-wrapper\"><figure class=\"elementor-image-box-img\"><img decoding=\"async\" width=\"486\" height=\"486\" src=\"https:\/\/tuscanyquintessence.com\/wp-content\/uploads\/2023\/03\/alberto2.png\" class=\"attachment-full size-full wp-image-2184\" alt=\"\" srcset=\"https:\/\/tuscanyquintessence.com\/wp-content\/uploads\/2023\/03\/alberto2.png 486w, https:\/\/tuscanyquintessence.com\/wp-content\/uploads\/2023\/03\/alberto2-300x300.png 300w, https:\/\/tuscanyquintessence.com\/wp-content\/uploads\/2023\/03\/alberto2-150x150.png 150w\" sizes=\"(max-width: 486px) 100vw, 486px\" \/><\/figure><div class=\"elementor-image-box-content\"><h3 class=\"elementor-image-box-title\">Alberto<\/h3><p class=\"elementor-image-box-description\">Alberto Lombardi \u00e8 il fondatore e CEO di Tuscany Quintessence. Alberto (Albi per gli amici) \u00e8 un bike tour leader certificato e un skipper esperto; ha attraversato l'Oceano Atlantico 2 volte, vincendo anche una delle pi\u00f9 famose regate transatlantiche, l'ARC nel 2014. Alberto \u00e8 anche un triatleta, e ogni occasione \u00e8 buona per cimentarsi con gare anche a lunga distanza come il mezzo Ironman. Alberto \u00e8 soprattutto appassionato e ben informato sulla Toscana, disposto a condividere i posti meravigliosi che conosce. Lui crede che un tour di successo sia composto da un giusto mix di \"essenze\" come l'avventura, la natura, il cibo, l'arte e storia e il wellness. Lui \u00e8 la guida principale dei tour di Tuscany Quintessence. Prima di fondare Tuscany Quintessence, Alberto ha lavorato per General Electric per 20 anni ricoprendo diverse posizioni di responsabilit\u00e0. Alberto ritiene che il Rispetto delle Regole, la Qualit\u00e0 (servizi e dei prodotti), la Salute, la Sicurezza e l\u2019attenzione per l'Ambiente debbano essere alla base di tutto ci\u00f2 che facciamo. Questi sono i suoi valori ed i valori di Tuscany Quintessence. \u00c8 sposato e ha 2 figli. E 2 gatti!<\/p><\/div><\/div>\t\t<\/div>\n\t\t\t\t<\/div>\n\t\t\t\t<\/div>\n\t\t<div class=\"elementor-element elementor-element-7a6512a e-con-full e-flex magic-button-disabled-no e-con e-child\" data-id=\"7a6512a\" data-element_type=\"container\" data-settings=\"{&quot;jet_parallax_layout_list&quot;:[]}\">\n\t\t\t\t<div class=\"elementor-element elementor-element-93a6561 elementor-position-top elementor-widget elementor-widget-image-box\" data-id=\"93a6561\" data-element_type=\"widget\" data-widget_type=\"image-box.default\">\n\t\t\t\t<div class=\"elementor-widget-container\">\n\t\t\t<div class=\"elementor-image-box-wrapper\"><figure class=\"elementor-image-box-img\"><img decoding=\"async\" width=\"486\" height=\"486\" src=\"https:\/\/tuscanyquintessence.com\/wp-content\/uploads\/2023\/03\/marco.png\" class=\"attachment-full size-full wp-image-2186\" alt=\"\" srcset=\"https:\/\/tuscanyquintessence.com\/wp-content\/uploads\/2023\/03\/marco.png 486w, https:\/\/tuscanyquintessence.com\/wp-content\/uploads\/2023\/03\/marco-300x300.png 300w, https:\/\/tuscanyquintessence.com\/wp-content\/uploads\/2023\/03\/marco-150x150.png 150w\" sizes=\"(max-width: 486px) 100vw, 486px\" \/><\/figure><div class=\"elementor-image-box-content\"><h3 class=\"elementor-image-box-title\">Marco<\/h3><p class=\"elementor-image-box-description\">Marco Andreoni \u00e8 il direttore tecnico di Tuscany Quintessence. Marco \u00e8 un veterano del turismo in Toscana; la sua solida esperienza unita agli studi, lo rendono un vero esperto nel campo del turismo agricolo. Marco \u00e8 esperto in equitazione e trekking; la guida perfetta per questo genere di avventure. Le sue mete preferite sono Roma, la campagna intorno a Volterra, l'area nel sud della Toscana chiamata Maremma Toscana, Pisa, Lucca e le Apuane. Marco, circa 20 anni fa, inizi\u00f2 con il gestire le propriet\u00e0 di famiglia, per poi gestire successivamente un tour operator dedicato ai turisti stranieri in visita in Toscana. Grazie anche al fatto di essere madrelingua Francese, si \u00e8 specializzato sul turista Francofono (Francia e Canada) diventando un punto di riferimento per i Francofoni in vacanza in Toscana. Pi\u00f9 recentemente Marco ha iniziato nuovi progetti come la trasformazione di una vecchia villa privata in un affascinante e redditizio bed and breakfast, supportando, come consulente, il setup di nuovi B&B e case vacanze.<\/p><\/div><\/div>\t\t<\/div>\n\t\t\t\t<\/div>\n\t\t\t\t<\/div>\n\t\t\t\t\t<\/div>\n\t\t\t\t<\/div>\n\t\t<div class=\"elementor-element elementor-element-86d060d e-flex e-con-boxed magic-button-disabled-no e-con e-parent\" data-id=\"86d060d\" data-element_type=\"container\" data-settings=\"{&quot;jet_parallax_layout_list&quot;:[]}\">\n\t\t\t\t\t<div class=\"e-con-inner\">\n\t\t\t\t<div class=\"elementor-element elementor-element-3465acd elementor-widget elementor-widget-text-editor\" data-id=\"3465acd\" data-element_type=\"widget\" data-widget_type=\"text-editor.default\">\n\t\t\t\t<div class=\"elementor-widget-container\">\n\t\t\t\t\t\t\t<p>Il nostro sogno \u00e8 di creare la condizioni perfette per la VOSTRA indimenticabile vacanza in Toscana. Il successo di una vacanza indimenticabile passa anche attraverso l\u2019armonizzazione di pi\u00f9 esperienze che mescolate in modo sapiente generano qualcosa di speciale. Per questo motivo abbiamo costruito solide partnership con diversi attori in tutta la Toscana, per offrirvi qualcosa di speciale ma semplice da sperimentare.<\/p>\n\t\t\t\t\t\t<\/div>\n\t\t\t\t<\/div>\n\t\t\t\t\t<\/div>\n\t\t\t\t<\/div>\n\t\t\t\t<\/div>\n\t\t","protected":false},"excerpt":{"rendered":"<p>Questo \u00e8 il sogno di un bambino che si era innamorato della barca a vela senza sapere cosa fosse realmente. by Alberto Lombardi Il mio sogno \u2013\u00a0 scoprire il mondo e la mia Toscana con esperienze outdoor \u2013 divenne chiaro in cima al molo di Viareggio. Questa \u00e8 la storia del mio sogno,\u00a0che parla di\u00a0amore&#8230;<\/p>\n","protected":false},"author":1,"featured_media":2219,"parent":0,"menu_order":12,"comment_status":"closed","ping_status":"closed","template":"","meta":{"_acf_changed":false,"footnotes":""},"categories":[],"tags":[],"class_list":["post-2547","page","type-page","status-publish","has-post-thumbnail","hentry"],"acf":[],"yoast_head":"<!-- This site is optimized with the Yoast SEO plugin v25.5 - https:\/\/yoast.com\/wordpress\/plugins\/seo\/ -->\n<title>Tuscany Bike Tours Vacation Experiences - Tuscany Quintessence<\/title>\n<meta name=\"description\" content=\"Tuscany Quintessence, outdoor experiences to discover the best of Tuscany by e-bike or sailing. For small groups or individuals. All included!\" \/>\n<meta name=\"robots\" content=\"index, follow, max-snippet:-1, max-image-preview:large, max-video-preview:-1\" \/>\n<link rel=\"canonical\" href=\"https:\/\/tuscanyquintessence.com\/it\/chi-siamo\/\" \/>\n<meta property=\"og:locale\" content=\"it_IT\" \/>\n<meta property=\"og:type\" content=\"article\" \/>\n<meta property=\"og:title\" content=\"Tuscany Bike Tours Vacation Experiences - Tuscany Quintessence\" \/>\n<meta property=\"og:description\" content=\"Tuscany Quintessence, outdoor experiences to discover the best of Tuscany by e-bike or sailing. For small groups or individuals. All included!\" \/>\n<meta property=\"og:url\" content=\"https:\/\/tuscanyquintessence.com\/it\/chi-siamo\/\" \/>\n<meta property=\"og:site_name\" content=\"Tuscany Quintessence\" \/>\n<meta property=\"article:modified_time\" content=\"2024-11-29T13:58:30+00:00\" \/>\n<meta property=\"og:image\" content=\"https:\/\/tuscanyquintessence.com\/wp-content\/uploads\/2023\/03\/My-FLOW-v2.png\" \/>\n\t<meta property=\"og:image:width\" content=\"800\" \/>\n\t<meta property=\"og:image:height\" content=\"436\" \/>\n\t<meta property=\"og:image:type\" content=\"image\/png\" \/>\n<meta name=\"twitter:card\" content=\"summary_large_image\" \/>\n<meta name=\"twitter:label1\" content=\"Tempo di lettura stimato\" \/>\n\t<meta name=\"twitter:data1\" content=\"8 minuti\" \/>\n<script type=\"application\/ld+json\" class=\"yoast-schema-graph\">{\"@context\":\"https:\/\/schema.org\",\"@graph\":[{\"@type\":\"WebPage\",\"@id\":\"https:\/\/tuscanyquintessence.com\/it\/chi-siamo\/\",\"url\":\"https:\/\/tuscanyquintessence.com\/it\/chi-siamo\/\",\"name\":\"Tuscany Bike Tours Vacation Experiences - Tuscany Quintessence\",\"isPartOf\":{\"@id\":\"https:\/\/tuscanyquintessence.com\/it\/#website\"},\"primaryImageOfPage\":{\"@id\":\"https:\/\/tuscanyquintessence.com\/it\/chi-siamo\/#primaryimage\"},\"image\":{\"@id\":\"https:\/\/tuscanyquintessence.com\/it\/chi-siamo\/#primaryimage\"},\"thumbnailUrl\":\"https:\/\/tuscanyquintessence.com\/wp-content\/uploads\/2023\/03\/My-FLOW-v2.png\",\"datePublished\":\"2023-02-24T11:48:58+00:00\",\"dateModified\":\"2024-11-29T13:58:30+00:00\",\"description\":\"Tuscany Quintessence, outdoor experiences to discover the best of Tuscany by e-bike or sailing. For small groups or individuals. All included!\",\"breadcrumb\":{\"@id\":\"https:\/\/tuscanyquintessence.com\/it\/chi-siamo\/#breadcrumb\"},\"inLanguage\":\"it-IT\",\"potentialAction\":[{\"@type\":\"ReadAction\",\"target\":[\"https:\/\/tuscanyquintessence.com\/it\/chi-siamo\/\"]}]},{\"@type\":\"ImageObject\",\"inLanguage\":\"it-IT\",\"@id\":\"https:\/\/tuscanyquintessence.com\/it\/chi-siamo\/#primaryimage\",\"url\":\"https:\/\/tuscanyquintessence.com\/wp-content\/uploads\/2023\/03\/My-FLOW-v2.png\",\"contentUrl\":\"https:\/\/tuscanyquintessence.com\/wp-content\/uploads\/2023\/03\/My-FLOW-v2.png\",\"width\":800,\"height\":436},{\"@type\":\"BreadcrumbList\",\"@id\":\"https:\/\/tuscanyquintessence.com\/it\/chi-siamo\/#breadcrumb\",\"itemListElement\":[{\"@type\":\"ListItem\",\"position\":1,\"name\":\"Home\",\"item\":\"https:\/\/tuscanyquintessence.com\/it\/\"},{\"@type\":\"ListItem\",\"position\":2,\"name\":\"Chi siamo\"}]},{\"@type\":\"WebSite\",\"@id\":\"https:\/\/tuscanyquintessence.com\/it\/#website\",\"url\":\"https:\/\/tuscanyquintessence.com\/it\/\",\"name\":\"Tuscany Quintessence\",\"description\":\"Discover Tuscany by e-bike\",\"publisher\":{\"@id\":\"https:\/\/tuscanyquintessence.com\/it\/#organization\"},\"potentialAction\":[{\"@type\":\"SearchAction\",\"target\":{\"@type\":\"EntryPoint\",\"urlTemplate\":\"https:\/\/tuscanyquintessence.com\/it\/?s={search_term_string}\"},\"query-input\":{\"@type\":\"PropertyValueSpecification\",\"valueRequired\":true,\"valueName\":\"search_term_string\"}}],\"inLanguage\":\"it-IT\"},{\"@type\":\"Organization\",\"@id\":\"https:\/\/tuscanyquintessence.com\/it\/#organization\",\"name\":\"Tuscany Quintessence\",\"url\":\"https:\/\/tuscanyquintessence.com\/it\/\",\"logo\":{\"@type\":\"ImageObject\",\"inLanguage\":\"it-IT\",\"@id\":\"https:\/\/tuscanyquintessence.com\/it\/#\/schema\/logo\/image\/\",\"url\":\"https:\/\/tuscanyquintessence.com\/wp-content\/uploads\/2023\/02\/TQ-logo.png\",\"contentUrl\":\"https:\/\/tuscanyquintessence.com\/wp-content\/uploads\/2023\/02\/TQ-logo.png\",\"width\":299,\"height\":37,\"caption\":\"Tuscany Quintessence\"},\"image\":{\"@id\":\"https:\/\/tuscanyquintessence.com\/it\/#\/schema\/logo\/image\/\"}}]}<\/script>\n<!-- \/ Yoast SEO plugin. -->","yoast_head_json":{"title":"Tuscany Bike Tours Vacation Experiences - Tuscany Quintessence","description":"Tuscany Quintessence, outdoor experiences to discover the best of Tuscany by e-bike or sailing. For small groups or individuals. All included!","robots":{"index":"index","follow":"follow","max-snippet":"max-snippet:-1","max-image-preview":"max-image-preview:large","max-video-preview":"max-video-preview:-1"},"canonical":"https:\/\/tuscanyquintessence.com\/it\/chi-siamo\/","og_locale":"it_IT","og_type":"article","og_title":"Tuscany Bike Tours Vacation Experiences - Tuscany Quintessence","og_description":"Tuscany Quintessence, outdoor experiences to discover the best of Tuscany by e-bike or sailing. For small groups or individuals. All included!","og_url":"https:\/\/tuscanyquintessence.com\/it\/chi-siamo\/","og_site_name":"Tuscany Quintessence","article_modified_time":"2024-11-29T13:58:30+00:00","og_image":[{"width":800,"height":436,"url":"https:\/\/tuscanyquintessence.com\/wp-content\/uploads\/2023\/03\/My-FLOW-v2.png","type":"image\/png"}],"twitter_card":"summary_large_image","twitter_misc":{"Tempo di lettura stimato":"8 minuti"},"schema":{"@context":"https:\/\/schema.org","@graph":[{"@type":"WebPage","@id":"https:\/\/tuscanyquintessence.com\/it\/chi-siamo\/","url":"https:\/\/tuscanyquintessence.com\/it\/chi-siamo\/","name":"Tuscany Bike Tours Vacation Experiences - Tuscany Quintessence","isPartOf":{"@id":"https:\/\/tuscanyquintessence.com\/it\/#website"},"primaryImageOfPage":{"@id":"https:\/\/tuscanyquintessence.com\/it\/chi-siamo\/#primaryimage"},"image":{"@id":"https:\/\/tuscanyquintessence.com\/it\/chi-siamo\/#primaryimage"},"thumbnailUrl":"https:\/\/tuscanyquintessence.com\/wp-content\/uploads\/2023\/03\/My-FLOW-v2.png","datePublished":"2023-02-24T11:48:58+00:00","dateModified":"2024-11-29T13:58:30+00:00","description":"Tuscany Quintessence, outdoor experiences to discover the best of Tuscany by e-bike or sailing. For small groups or individuals. All included!","breadcrumb":{"@id":"https:\/\/tuscanyquintessence.com\/it\/chi-siamo\/#breadcrumb"},"inLanguage":"it-IT","potentialAction":[{"@type":"ReadAction","target":["https:\/\/tuscanyquintessence.com\/it\/chi-siamo\/"]}]},{"@type":"ImageObject","inLanguage":"it-IT","@id":"https:\/\/tuscanyquintessence.com\/it\/chi-siamo\/#primaryimage","url":"https:\/\/tuscanyquintessence.com\/wp-content\/uploads\/2023\/03\/My-FLOW-v2.png","contentUrl":"https:\/\/tuscanyquintessence.com\/wp-content\/uploads\/2023\/03\/My-FLOW-v2.png","width":800,"height":436},{"@type":"BreadcrumbList","@id":"https:\/\/tuscanyquintessence.com\/it\/chi-siamo\/#breadcrumb","itemListElement":[{"@type":"ListItem","position":1,"name":"Home","item":"https:\/\/tuscanyquintessence.com\/it\/"},{"@type":"ListItem","position":2,"name":"Chi siamo"}]},{"@type":"WebSite","@id":"https:\/\/tuscanyquintessence.com\/it\/#website","url":"https:\/\/tuscanyquintessence.com\/it\/","name":"Tuscany Quintessence","description":"Discover Tuscany by e-bike","publisher":{"@id":"https:\/\/tuscanyquintessence.com\/it\/#organization"},"potentialAction":[{"@type":"SearchAction","target":{"@type":"EntryPoint","urlTemplate":"https:\/\/tuscanyquintessence.com\/it\/?s={search_term_string}"},"query-input":{"@type":"PropertyValueSpecification","valueRequired":true,"valueName":"search_term_string"}}],"inLanguage":"it-IT"},{"@type":"Organization","@id":"https:\/\/tuscanyquintessence.com\/it\/#organization","name":"Tuscany Quintessence","url":"https:\/\/tuscanyquintessence.com\/it\/","logo":{"@type":"ImageObject","inLanguage":"it-IT","@id":"https:\/\/tuscanyquintessence.com\/it\/#\/schema\/logo\/image\/","url":"https:\/\/tuscanyquintessence.com\/wp-content\/uploads\/2023\/02\/TQ-logo.png","contentUrl":"https:\/\/tuscanyquintessence.com\/wp-content\/uploads\/2023\/02\/TQ-logo.png","width":299,"height":37,"caption":"Tuscany Quintessence"},"image":{"@id":"https:\/\/tuscanyquintessence.com\/it\/#\/schema\/logo\/image\/"}}]}},"_links":{"self":[{"href":"https:\/\/tuscanyquintessence.com\/it\/wp-json\/wp\/v2\/pages\/2547","targetHints":{"allow":["GET"]}}],"collection":[{"href":"https:\/\/tuscanyquintessence.com\/it\/wp-json\/wp\/v2\/pages"}],"about":[{"href":"https:\/\/tuscanyquintessence.com\/it\/wp-json\/wp\/v2\/types\/page"}],"author":[{"embeddable":true,"href":"https:\/\/tuscanyquintessence.com\/it\/wp-json\/wp\/v2\/users\/1"}],"replies":[{"embeddable":true,"href":"https:\/\/tuscanyquintessence.com\/it\/wp-json\/wp\/v2\/comments?post=2547"}],"version-history":[{"count":0,"href":"https:\/\/tuscanyquintessence.com\/it\/wp-json\/wp\/v2\/pages\/2547\/revisions"}],"wp:featuredmedia":[{"embeddable":true,"href":"https:\/\/tuscanyquintessence.com\/it\/wp-json\/wp\/v2\/media\/2219"}],"wp:attachment":[{"href":"https:\/\/tuscanyquintessence.com\/it\/wp-json\/wp\/v2\/media?parent=2547"}],"wp:term":[{"taxonomy":"category","embeddable":true,"href":"https:\/\/tuscanyquintessence.com\/it\/wp-json\/wp\/v2\/categories?post=2547"},{"taxonomy":"post_tag","embeddable":true,"href":"https:\/\/tuscanyquintessence.com\/it\/wp-json\/wp\/v2\/tags?post=2547"}],"curies":[{"name":"wp","href":"https:\/\/api.w.org\/{rel}","templated":true}]}}